{"id":3035,"date":"2023-06-19T09:34:06","date_gmt":"2023-06-19T09:34:06","guid":{"rendered":"https:\/\/www.franquiciescat.org\/politica-de-cookies\/"},"modified":"2023-07-03T07:23:38","modified_gmt":"2023-07-03T07:23:38","slug":"politica-de-cookies","status":"publish","type":"page","link":"https:\/\/www.franquiciescat.org\/es\/politica-de-cookies\/","title":{"rendered":"Pol\u00edtica de cookies"},"content":{"rendered":"\t\t<div data-elementor-type=\"wp-page\" data-elementor-id=\"3035\" class=\"elementor elementor-3035 elementor-1918\" data-elementor-post-type=\"page\">\n\t\t\t\t\t\t<section class=\"elementor-section elementor-top-section elementor-element elementor-element-4b6e549 elementor-section-full_width elementor-section-height-default elementor-section-height-default\" data-id=\"4b6e549\" data-element_type=\"section\" data-e-type=\"section\" data-settings=\"{&quot;background_background&quot;:&quot;gradient&quot;}\">\n\t\t\t\t\t\t<div class=\"elementor-container elementor-column-gap-no\">\n\t\t\t\t\t<div class=\"elementor-column elementor-col-100 elementor-top-column elementor-element elementor-element-c0f2245\" data-id=\"c0f2245\" data-element_type=\"column\" data-e-type=\"column\" data-settings=\"{&quot;background_background&quot;:&quot;classic&quot;}\">\n\t\t\t<div class=\"elementor-widget-wrap elementor-element-populated\">\n\t\t\t\t\t\t<div class=\"elementor-element elementor-element-a9b5755 elementor-widget elementor-widget-heading\" data-id=\"a9b5755\" data-element_type=\"widget\" data-e-type=\"widget\" data-widget_type=\"heading.default\">\n\t\t\t\t<div class=\"elementor-widget-container\">\n\t\t\t\t\t<h2 class=\"elementor-heading-title elementor-size-default\">Pol\u00edtica de cookies\n\n<\/h2>\t\t\t\t<\/div>\n\t\t\t\t<\/div>\n\t\t\t\t\t<\/div>\n\t\t<\/div>\n\t\t\t\t\t<\/div>\n\t\t<\/section>\n\t\t\t\t<section class=\"elementor-section elementor-top-section elementor-element elementor-element-38c7e432 elementor-section-boxed elementor-section-height-default elementor-section-height-default\" data-id=\"38c7e432\" data-element_type=\"section\" data-e-type=\"section\">\n\t\t\t\t\t\t<div class=\"elementor-container elementor-column-gap-default\">\n\t\t\t\t\t<div class=\"elementor-column elementor-col-100 elementor-top-column elementor-element elementor-element-3c22b23d\" data-id=\"3c22b23d\" data-element_type=\"column\" data-e-type=\"column\">\n\t\t\t<div class=\"elementor-widget-wrap elementor-element-populated\">\n\t\t\t\t\t\t<div class=\"elementor-element elementor-element-18123cdd elementor-widget elementor-widget-text-editor\" data-id=\"18123cdd\" data-element_type=\"widget\" data-e-type=\"widget\" data-widget_type=\"text-editor.default\">\n\t\t\t\t<div class=\"elementor-widget-container\">\n\t\t\t\t\t\t\t\t\t<h1><\/h1>\nEl nostre lloc web franquiciescat.org utilitza una tecnologia anomenada &#8216;cookie&#8217;, amb la finalitat de poder obtenir informaci\u00f3 sobre l&#8217;\u00fas del lloc web, millorar l&#8217;experi\u00e8ncia de l&#8217;usuari i garantir el seu correcte funcionament.\n<h2 class=\"title3 titol \">Definici\u00f3 de Cookie<\/h2>\nUna &#8216;cookie&#8217; \u00e9s un petit fragment de text que els llocs web envien al navegador i que s&#8217;emmagatzemen en el terminal de l&#8217;usuari, (ordinador o dispositiu m\u00f2bil). Aquests arxius tenen la finalitat d&#8217;emmagatzemar dades que podran ser actualitzades i recuperades per l&#8217;entitat responsable de la seva instal\u00b7laci\u00f3. Aix\u00ed, cada vegada que l&#8217;usuari torna a visitar el mateix lloc web, l&#8217;explorador recupera l&#8217;arxiu i l&#8217;envia al servidor del lloc web. Les cookies tenen diverses funcions entre les que s&#8217;inclouen, la de recollir informaci\u00f3 sobre les prefer\u00e8ncies de l&#8217;usuari i recordar-la, i en general, facilitar l&#8217;\u00fas del lloc web a l&#8217;usuari fent que el lloc sigui m\u00e9s \u00fatil al personalitzar el seu contingut.\n\nLes cookies es poden classificar en base a diferents par\u00e0metres:\n<ol class=\" \">\n \t<li>\n<div class=\"cont\">\n\n<span class=\"text-bold \">Titularitat:<\/span> cookies pr\u00f2pies i cookies de tercers: depenent de quina sigui l&#8217;entitat que gestioni el domini des d&#8217;on s&#8217;envien les cookies i es tractin les dades que s&#8217;obtinguin.\n\n<\/div><\/li>\n \t<li>\n<div class=\"cont\">\n\n<span class=\"text-bold \">Durada:<\/span> cookies de sessi\u00f3 i cookies persistents: d&#8217;acord amb el termini de temps que romanen emmagatzemades al terminal de l&#8217;usuari.\n\n<\/div><\/li>\n \t<li>\n<div class=\"cont\">\n\n<span class=\"text-bold \">Finalitat:<\/span> cookies t\u00e8cniques, cookies de personalitzaci\u00f3, cookies d&#8217;an\u00e0lisi, cookies publicit\u00e0ries, cookies de publicitat comportamental: d&#8217;acord amb la finalitat per a la qual es tractin les dades obtingudes.\n<ul class=\" \">\n \t<li>\n<div class=\"cont\">\n\n<span class=\" text-underline\">Cookies t\u00e8cniques:<\/span> s\u00f3n aquelles que permeten a l&#8217;usuari la navegaci\u00f3 a trav\u00e9s de la p\u00e0gina web o aplicaci\u00f3 i la utilitzaci\u00f3 de les diferents opcions o serveis que en ella existeixen. Per exemple, controlar el tr\u00e0nsit i la comunicaci\u00f3 de dades , identificar la sessi\u00f3 o accedir a les parts web d&#8217;acc\u00e9s restringit.\n\n<\/div><\/li>\n \t<li>\n<div class=\"cont\">\n\n<span class=\" text-underline\">Cookies de personalitzaci\u00f3:<\/span> s\u00f3n aquelles que permeten a l&#8217;usuari accedir al servei amb algunes caracter\u00edstiques de car\u00e0cter general predefinides en el seu terminal o que el propi usuari defineixi . Per exemple, l&#8217;idioma , el tipus de navegador a trav\u00e9s del qual accedeix al servei o el disseny de continguts seleccionat.\n\n<\/div><\/li>\n \t<li>\n<div class=\"cont\">\n\n<span class=\" text-underline\">Cookies d&#8217;an\u00e0lisi:<\/span> s\u00f3n aquelles que o b\u00e9 tractades per nosaltres o per tercers, ens permeten quantificar el nombre d&#8217;usuaris i aix\u00ed realitzar l&#8217;an\u00e0lisi estad\u00edstic de la utilitzaci\u00f3 que fan els usuaris del servei ofert. Per aix\u00f2 s&#8217;analitza la seva navegaci\u00f3 a la nostra p\u00e0gina web per tal de millorar l&#8217;oferta de productes o serveis que li oferim.\n\n<\/div><\/li>\n \t<li>\n<div class=\"cont\">\n\n<span class=\" text-underline\">Cookies publicit\u00e0ries:<\/span> s\u00f3n aquelles que permeten la gesti\u00f3, de la forma m\u00e9s efica\u00e7 possible, dels espais publicitaris que, si escau, l&#8217;editor hagi incl\u00f2s en una p\u00e0gina web, aplicaci\u00f3 o plataforma des de la qual presta el servei sol\u00b7licitat sobre la base de criteris com el contingut editat o la freq\u00fc\u00e8ncia en a qual es mostren els anuncis.\n\n<\/div><\/li>\n \t<li>\n<div class=\"cont\">\n\n<span class=\" text-underline\">Cookies de publicitat comportamental:<\/span> s\u00f3n aquelles que permeten la gesti\u00f3, de la manera m\u00e9s efica\u00e7 possible, dels espais publicitaris que, si escau, l&#8217;editor hagi incl\u00f2s en una p\u00e0gina web, aplicaci\u00f3 o plataforma des de la que presta el servei sol\u00b7licitat. Aquestes cookies emmagatzemen informaci\u00f3 del comportament dels usuaris obtinguda a trav\u00e9s de l&#8217;observaci\u00f3 continuada dels seus h\u00e0bits de navegaci\u00f3, el que permet desenvolupar un perfil espec\u00edfic per mostrar publicitat en funci\u00f3 del mateix.\n\n<\/div><\/li>\n<\/ul>\n<\/div><\/li>\n<\/ol>\n<h2 class=\"title3 titol \">Cookies utilitzades al nostre lloc web<\/h2>\nEl nostre lloc web utilitza tant cookies pr\u00f2pies, que s\u00f3n les enviades al seu dispositiu i gestionades exclusivament per nosaltres per al millor funcionament del lloc web, com cookies de tercers, amb la funci\u00f3 de servir-nos com a eina d&#8217;an\u00e0lisis de la interacci\u00f3 dels usuaris amb la nostra web, gr\u00e0cies a elles obtenim una informaci\u00f3 que pot ajudar-nos a millorar la navegaci\u00f3 i donar un millor servei als usuaris.\n\nEl nostre lloc web fa servir tant cookies temporals de sessi\u00f3 com cookies persistents. Les cookies de sessi\u00f3 emmagatzemen dades \u00fanicament mentre l&#8217;usuari accedeix a la web i les cookies persistents emmagatzemen les dades en el terminal perqu\u00e8 siguin accedides i utilitzades en m\u00e9s d&#8217;una sessi\u00f3.\n\nConcretament les cookies que utilitzades al nostre lloc web s\u00f3n:\n<h3 class=\"title4 titol \">Cookies pr\u00f2pies<\/h3>\nLes cookies pr\u00f2pies que fem servir en el nostre lloc web s\u00f3n de car\u00e0cter t\u00e8cnic, fonamentals per al funcionament de la web.\n<h3 class=\"title4 titol \">Cookies de tercers:<\/h3>\n<h4 class=\"title5 titol \">__utmz, __ utmc, __utma, __utmb,__utmt, __ga, __gat<\/h4>\n<ul class=\" \">\n \t<li>\n<div class=\"cont\">\n\n<span class=\" text-underline\">Titular:<\/span> Google Inc. (Google Analytics)\n\n<\/div><\/li>\n \t<li>\n<div class=\"cont\">\n\n<span class=\" text-underline\">Finalitat:<\/span> Anal\u00edtiques: Analitzen l&#8217;\u00fas del web.\n\n<\/div><\/li>\n \t<li>\n<div class=\"cont\">\n\n<span class=\" text-underline\">Durada:<\/span> Sessi\u00f3 i persistent\n\n<\/div><\/li>\n<\/ul>\n<p class=\"titol\">Per obtenir m\u00e9s informaci\u00f3 sobre les cookies i\/o per a la seva desactivaci\u00f3 pot clicar sobre els enlla\u00e7os que hi ha al nom dels diferents titulars.<\/p>\nFinalment, tamb\u00e9 s&#8217;utilitzen galetes de complement (plug-in) per intercanviar continguts socials.\n<h2 class=\"title3 titol \">Consentiment<\/h2>\nAl navegar i continuar al nostre lloc web l&#8217;usuari estar\u00e0 consentint l&#8217;\u00fas de les cookies abans enunciades, pels terminis assenyalats i en les condicions contingudes en la present Pol\u00edtica de Cookies.\n\nAix\u00ed mateix, l&#8217;informem que si vost\u00e8 consulta continguts de la nostra web allotjats en webs de tercers, aquests tenen la seva pr\u00f2pia pol\u00edtica de cookies.\n<h2 class=\"title3 titol \">Retirada del consentiment<\/h2>\nL&#8217;usuari podr\u00e0 retirar en qualsevol moment el seu consentiment relacionat amb aquesta Pol\u00edtica de Cookies, per aix\u00f2 haur\u00e0 d&#8217;eliminar les cookies emmagatzemades en el seu equip utilitzant els ajustaments i configuracions del seu navegador d&#8217;Internet.\n<h2 class=\"title3 titol \">Modificaci\u00f3 de la configuraci\u00f3 de les cookies<\/h2>\n<a name=\"cookies-config\"><\/a>\n\nL&#8217;usuari pot restringir, bloquejar o esborrar les cookies de qualsevol lloc web, utilitzant el seu navegador. A cada navegador l&#8217;operativa \u00e9s diferent, pel que pot consultar als seg\u00fcents enlla\u00e7os la forma de fer-ho\n<ul class=\" \">\n \t<li>\n<div class=\"cont\">\n\n<strong>Internet Explorer:<\/strong> <a href=\"https:\/\/support.microsoft.com\/es-es\/help\/17442\/windows-internet-explorer-delete-manage-cookies#ie=ie-11\" target=\"_blank\" rel=\"nofollow noopener\">https:\/\/support.microsoft.com\/es-es\/help\/17442\/windows-internet-explorer-delete-manage-cookies#ie=ie-11<\/a>\n\n<\/div><\/li>\n \t<li>\n<div class=\"cont\">\n\n<strong>Edge:<\/strong> <a href=\"https:\/\/support.microsoft.com\/es-es\/help\/4468242\/microsoft-edge-browsing-data-and-privacy-microsoft-privacy\" target=\"_blank\" rel=\"nofollow noopener\">https:\/\/support.microsoft.com\/es-es\/help\/4468242\/microsoft-edge-browsing-data-and-privacy-microsoft-privacy<\/a>\n\n<\/div><\/li>\n \t<li>\n<div class=\"cont\">\n\n<strong>FireFox:<\/strong> <a href=\"https:\/\/support.mozilla.org\/es\/kb\/clear-cookies-and-site-data-firefox\" target=\"_blank\" rel=\"nofollow noopener\">https:\/\/support.mozilla.org\/es\/kb\/clear-cookies-and-site-data-firefox<\/a>\n\n<\/div><\/li>\n \t<li>\n<div class=\"cont\">\n\n<strong>Chrome:<\/strong> <a href=\"https:\/\/support.google.com\/chrome\/answer\/95647?hl=ca\" target=\"_blank\" rel=\"nofollow noopener\">https:\/\/support.google.com\/chrome\/answer\/95647?hl=ca<\/a>\n\n<\/div><\/li>\n \t<li>\n<div class=\"cont\">\n\n<strong>Safari (mac):<\/strong> <a href=\"https:\/\/support.apple.com\/es-es\/guide\/safari\/manage-cookies-and-website-data-sfri11471\/mac\" target=\"_blank\" rel=\"nofollow noopener\">https:\/\/support.apple.com\/es-es\/guide\/safari\/manage-cookies-and-website-data-sfri11471\/mac<\/a>\n\n<\/div><\/li>\n \t<li>\n<div class=\"cont\">\n\n<strong>Safari (iPhone\/iPad):<\/strong> <a href=\"https:\/\/support.apple.com\/es-es\/HT201265\" target=\"_blank\" rel=\"nofollow noopener\">https:\/\/support.apple.com\/es-es\/HT201265<\/a>\n\n<\/div><\/li>\n \t<li>\n<div class=\"cont\">\n\n<strong>Opera:<\/strong> <a href=\"https:\/\/help.opera.com\/en\/latest\/web-preferences\/#cookies\" target=\"_blank\" rel=\"nofollow noopener\">https:\/\/help.opera.com\/en\/latest\/web-preferences\/#cookies<\/a>\n\n<\/div><\/li>\n<\/ul>\nPer obtenir m\u00e9s informaci\u00f3 sobre l&#8217;eliminaci\u00f3, deshabilitaci\u00f3 o bloqueig de les cookies tamb\u00e9 pot visitar:\n<a href=\"https:\/\/www.aboutcookies.org\/how-to-manage-and-delete-cookies\" target=\"_blank\" rel=\"nofollow noopener\">https:\/\/www.aboutcookies.org\/how-to-manage-and-delete-cookies<\/a>\n<h2 class=\"title3 titol \">Actualitzaci\u00f3 de la pol\u00edtica de cookies<\/h2>\nAquest lloc web pot modificar aquesta Pol\u00edtica sobre Cookies, per aix\u00f2 li recomanem revisar aquesta pol\u00edtica cada vegada que accedeixi al nostre lloc web per tal d&#8217;estar adequadament informat sobre l&#8217;\u00fas que fem de les cookies.\n\n\u00daltima actualitzaci\u00f3: 30\/10\/2020.\t\t\t\t\t\t\t\t<\/div>\n\t\t\t\t<\/div>\n\t\t\t\t\t<\/div>\n\t\t<\/div>\n\t\t\t\t\t<\/div>\n\t\t<\/section>\n\t\t\t\t<\/div>\n\t\t","protected":false},"excerpt":{"rendered":"<p>Pol\u00edtica de cookies El nostre lloc web franquiciescat.org utilitza una tecnologia anomenada &#8216;cookie&#8217;, amb la finalitat de poder obtenir informaci\u00f3 sobre l&#8217;\u00fas del lloc web, millorar l&#8217;experi\u00e8ncia de l&#8217;usuari i garantir el seu correcte funcionament. Definici\u00f3 de Cookie Una &#8216;cookie&#8217; \u00e9s un petit fragment de text que els llocs web envien al navegador i que [&hellip;]<\/p>\n","protected":false},"author":1,"featured_media":0,"parent":0,"menu_order":0,"comment_status":"closed","ping_status":"closed","template":"","meta":{"footnotes":""},"class_list":["post-3035","page","type-page","status-publish","hentry"],"yoast_head":"<!-- This site is optimized with the Yoast SEO plugin v26.9 - https:\/\/yoast.com\/product\/yoast-seo-wordpress\/ -->\n<title>Pol\u00edtica de cookies - Asociaci\u00f3n de Franqu\u00edcias de Catalunya<\/title>\n<meta name=\"robots\" content=\"noindex, nofollow\" \/>\n<meta property=\"og:locale\" content=\"es_ES\" \/>\n<meta property=\"og:type\" content=\"article\" \/>\n<meta property=\"og:title\" content=\"Pol\u00edtica de cookies - Asociaci\u00f3n de Franqu\u00edcias de Catalunya\" \/>\n<meta property=\"og:description\" content=\"Pol\u00edtica de cookies El nostre lloc web franquiciescat.org utilitza una tecnologia anomenada &#8216;cookie&#8217;, amb la finalitat de poder obtenir informaci\u00f3 sobre l&#8217;\u00fas del lloc web, millorar l&#8217;experi\u00e8ncia de l&#8217;usuari i garantir el seu correcte funcionament. Definici\u00f3 de Cookie Una &#8216;cookie&#8217; \u00e9s un petit fragment de text que els llocs web envien al navegador i que [&hellip;]\" \/>\n<meta property=\"og:url\" content=\"https:\/\/www.franquiciescat.org\/es\/politica-de-cookies\/\" \/>\n<meta property=\"og:site_name\" content=\"Asociaci\u00f3n de Franqu\u00edcias de Catalunya\" \/>\n<meta property=\"article:modified_time\" content=\"2023-07-03T07:23:38+00:00\" \/>\n<meta name=\"twitter:card\" content=\"summary_large_image\" \/>\n<meta name=\"twitter:label1\" content=\"Tiempo de lectura\" \/>\n\t<meta name=\"twitter:data1\" content=\"5 minutos\" \/>\n<script type=\"application\/ld+json\" class=\"yoast-schema-graph\">{\"@context\":\"https:\/\/schema.org\",\"@graph\":[{\"@type\":\"WebPage\",\"@id\":\"https:\/\/www.franquiciescat.org\/es\/politica-de-cookies\/\",\"url\":\"https:\/\/www.franquiciescat.org\/es\/politica-de-cookies\/\",\"name\":\"Pol\u00edtica de cookies - Asociaci\u00f3n de Franqu\u00edcias de Catalunya\",\"isPartOf\":{\"@id\":\"https:\/\/www.franquiciescat.org\/#website\"},\"datePublished\":\"2023-06-19T09:34:06+00:00\",\"dateModified\":\"2023-07-03T07:23:38+00:00\",\"breadcrumb\":{\"@id\":\"https:\/\/www.franquiciescat.org\/es\/politica-de-cookies\/#breadcrumb\"},\"inLanguage\":\"es\",\"potentialAction\":[{\"@type\":\"ReadAction\",\"target\":[\"https:\/\/www.franquiciescat.org\/es\/politica-de-cookies\/\"]}]},{\"@type\":\"BreadcrumbList\",\"@id\":\"https:\/\/www.franquiciescat.org\/es\/politica-de-cookies\/#breadcrumb\",\"itemListElement\":[{\"@type\":\"ListItem\",\"position\":1,\"name\":\"Inici\",\"item\":\"https:\/\/www.franquiciescat.org\/\"},{\"@type\":\"ListItem\",\"position\":2,\"name\":\"Pol\u00edtica de cookies\"}]},{\"@type\":\"WebSite\",\"@id\":\"https:\/\/www.franquiciescat.org\/#website\",\"url\":\"https:\/\/www.franquiciescat.org\/\",\"name\":\"Associaci\u00f3 de Franqu\u00edcies de Catalunya\",\"description\":\"Asociaci\u00f3n de Franqu\u00edcias de Catalunya\",\"publisher\":{\"@id\":\"https:\/\/www.franquiciescat.org\/#organization\"},\"potentialAction\":[{\"@type\":\"SearchAction\",\"target\":{\"@type\":\"EntryPoint\",\"urlTemplate\":\"https:\/\/www.franquiciescat.org\/?s={search_term_string}\"},\"query-input\":{\"@type\":\"PropertyValueSpecification\",\"valueRequired\":true,\"valueName\":\"search_term_string\"}}],\"inLanguage\":\"es\"},{\"@type\":\"Organization\",\"@id\":\"https:\/\/www.franquiciescat.org\/#organization\",\"name\":\"Associaci\u00f3 de Franqu\u00edcies de Catalunya\",\"url\":\"https:\/\/www.franquiciescat.org\/\",\"logo\":{\"@type\":\"ImageObject\",\"inLanguage\":\"es\",\"@id\":\"https:\/\/www.franquiciescat.org\/#\/schema\/logo\/image\/\",\"url\":\"https:\/\/www.franquiciescat.org\/wp-content\/uploads\/2023\/05\/logo-afc.png\",\"contentUrl\":\"https:\/\/www.franquiciescat.org\/wp-content\/uploads\/2023\/05\/logo-afc.png\",\"width\":640,\"height\":171,\"caption\":\"Associaci\u00f3 de Franqu\u00edcies de Catalunya\"},\"image\":{\"@id\":\"https:\/\/www.franquiciescat.org\/#\/schema\/logo\/image\/\"}}]}<\/script>\n<!-- \/ Yoast SEO plugin. -->","yoast_head_json":{"title":"Pol\u00edtica de cookies - Asociaci\u00f3n de Franqu\u00edcias de Catalunya","robots":{"index":"noindex","follow":"nofollow"},"og_locale":"es_ES","og_type":"article","og_title":"Pol\u00edtica de cookies - Asociaci\u00f3n de Franqu\u00edcias de Catalunya","og_description":"Pol\u00edtica de cookies El nostre lloc web franquiciescat.org utilitza una tecnologia anomenada &#8216;cookie&#8217;, amb la finalitat de poder obtenir informaci\u00f3 sobre l&#8217;\u00fas del lloc web, millorar l&#8217;experi\u00e8ncia de l&#8217;usuari i garantir el seu correcte funcionament. Definici\u00f3 de Cookie Una &#8216;cookie&#8217; \u00e9s un petit fragment de text que els llocs web envien al navegador i que [&hellip;]","og_url":"https:\/\/www.franquiciescat.org\/es\/politica-de-cookies\/","og_site_name":"Asociaci\u00f3n de Franqu\u00edcias de Catalunya","article_modified_time":"2023-07-03T07:23:38+00:00","twitter_card":"summary_large_image","twitter_misc":{"Tiempo de lectura":"5 minutos"},"schema":{"@context":"https:\/\/schema.org","@graph":[{"@type":"WebPage","@id":"https:\/\/www.franquiciescat.org\/es\/politica-de-cookies\/","url":"https:\/\/www.franquiciescat.org\/es\/politica-de-cookies\/","name":"Pol\u00edtica de cookies - Asociaci\u00f3n de Franqu\u00edcias de Catalunya","isPartOf":{"@id":"https:\/\/www.franquiciescat.org\/#website"},"datePublished":"2023-06-19T09:34:06+00:00","dateModified":"2023-07-03T07:23:38+00:00","breadcrumb":{"@id":"https:\/\/www.franquiciescat.org\/es\/politica-de-cookies\/#breadcrumb"},"inLanguage":"es","potentialAction":[{"@type":"ReadAction","target":["https:\/\/www.franquiciescat.org\/es\/politica-de-cookies\/"]}]},{"@type":"BreadcrumbList","@id":"https:\/\/www.franquiciescat.org\/es\/politica-de-cookies\/#breadcrumb","itemListElement":[{"@type":"ListItem","position":1,"name":"Inici","item":"https:\/\/www.franquiciescat.org\/"},{"@type":"ListItem","position":2,"name":"Pol\u00edtica de cookies"}]},{"@type":"WebSite","@id":"https:\/\/www.franquiciescat.org\/#website","url":"https:\/\/www.franquiciescat.org\/","name":"Associaci\u00f3 de Franqu\u00edcies de Catalunya","description":"Asociaci\u00f3n de Franqu\u00edcias de Catalunya","publisher":{"@id":"https:\/\/www.franquiciescat.org\/#organization"},"potentialAction":[{"@type":"SearchAction","target":{"@type":"EntryPoint","urlTemplate":"https:\/\/www.franquiciescat.org\/?s={search_term_string}"},"query-input":{"@type":"PropertyValueSpecification","valueRequired":true,"valueName":"search_term_string"}}],"inLanguage":"es"},{"@type":"Organization","@id":"https:\/\/www.franquiciescat.org\/#organization","name":"Associaci\u00f3 de Franqu\u00edcies de Catalunya","url":"https:\/\/www.franquiciescat.org\/","logo":{"@type":"ImageObject","inLanguage":"es","@id":"https:\/\/www.franquiciescat.org\/#\/schema\/logo\/image\/","url":"https:\/\/www.franquiciescat.org\/wp-content\/uploads\/2023\/05\/logo-afc.png","contentUrl":"https:\/\/www.franquiciescat.org\/wp-content\/uploads\/2023\/05\/logo-afc.png","width":640,"height":171,"caption":"Associaci\u00f3 de Franqu\u00edcies de Catalunya"},"image":{"@id":"https:\/\/www.franquiciescat.org\/#\/schema\/logo\/image\/"}}]}},"_links":{"self":[{"href":"https:\/\/www.franquiciescat.org\/es\/wp-json\/wp\/v2\/pages\/3035","targetHints":{"allow":["GET"]}}],"collection":[{"href":"https:\/\/www.franquiciescat.org\/es\/wp-json\/wp\/v2\/pages"}],"about":[{"href":"https:\/\/www.franquiciescat.org\/es\/wp-json\/wp\/v2\/types\/page"}],"author":[{"embeddable":true,"href":"https:\/\/www.franquiciescat.org\/es\/wp-json\/wp\/v2\/users\/1"}],"replies":[{"embeddable":true,"href":"https:\/\/www.franquiciescat.org\/es\/wp-json\/wp\/v2\/comments?post=3035"}],"version-history":[{"count":2,"href":"https:\/\/www.franquiciescat.org\/es\/wp-json\/wp\/v2\/pages\/3035\/revisions"}],"predecessor-version":[{"id":3037,"href":"https:\/\/www.franquiciescat.org\/es\/wp-json\/wp\/v2\/pages\/3035\/revisions\/3037"}],"wp:attachment":[{"href":"https:\/\/www.franquiciescat.org\/es\/wp-json\/wp\/v2\/media?parent=3035"}],"curies":[{"name":"wp","href":"https:\/\/api.w.org\/{rel}","templated":true}]}}