{"id":3050,"date":"2023-06-22T10:49:12","date_gmt":"2023-06-22T10:49:12","guid":{"rendered":"https:\/\/www.franquiciescat.org\/ganadores-de-los-premios-franquicias-de-cataluna-2022\/"},"modified":"2023-07-03T08:49:04","modified_gmt":"2023-07-03T08:49:04","slug":"ganadores-de-los-premios-franquicias-de-cataluna-2022","status":"publish","type":"page","link":"https:\/\/www.franquiciescat.org\/es\/ganadores-de-los-premios-franquicias-de-cataluna-2022\/","title":{"rendered":"GANADORES DE LOS PREMIOS FRANQUICIAS DE CATALU\u00d1A 2022"},"content":{"rendered":"\t\t<div data-elementor-type=\"wp-page\" data-elementor-id=\"3050\" class=\"elementor elementor-3050 elementor-2064\" data-elementor-post-type=\"page\">\n\t\t\t\t\t\t<section class=\"elementor-section elementor-top-section elementor-element elementor-element-c8fb848 elementor-section-full_width elementor-section-height-default elementor-section-height-default\" data-id=\"c8fb848\" data-element_type=\"section\" data-e-type=\"section\" data-settings=\"{&quot;background_background&quot;:&quot;gradient&quot;}\">\n\t\t\t\t\t\t<div class=\"elementor-container elementor-column-gap-no\">\n\t\t\t\t\t<div class=\"elementor-column elementor-col-100 elementor-top-column elementor-element elementor-element-dcb6e1b\" data-id=\"dcb6e1b\" data-element_type=\"column\" data-e-type=\"column\" data-settings=\"{&quot;background_background&quot;:&quot;classic&quot;}\">\n\t\t\t<div class=\"elementor-widget-wrap elementor-element-populated\">\n\t\t\t\t\t\t<div class=\"elementor-element elementor-element-cecc5bd elementor-widget elementor-widget-heading\" data-id=\"cecc5bd\" data-element_type=\"widget\" data-e-type=\"widget\" data-widget_type=\"heading.default\">\n\t\t\t\t<div class=\"elementor-widget-container\">\n\t\t\t\t\t<h2 class=\"elementor-heading-title elementor-size-default\">Ganadores de los premios Franquicias <br>de Catalu\u00f1a 2022\n\n<\/h2>\t\t\t\t<\/div>\n\t\t\t\t<\/div>\n\t\t\t\t\t<\/div>\n\t\t<\/div>\n\t\t\t\t\t<\/div>\n\t\t<\/section>\n\t\t\t\t<section class=\"elementor-section elementor-top-section elementor-element elementor-element-ec14c38 elementor-section-boxed elementor-section-height-default elementor-section-height-default\" data-id=\"ec14c38\" data-element_type=\"section\" data-e-type=\"section\" data-settings=\"{&quot;background_background&quot;:&quot;classic&quot;}\">\n\t\t\t\t\t\t<div class=\"elementor-container elementor-column-gap-default\">\n\t\t\t\t\t<div class=\"elementor-column elementor-col-100 elementor-top-column elementor-element elementor-element-3b9706d\" data-id=\"3b9706d\" data-element_type=\"column\" data-e-type=\"column\">\n\t\t\t<div class=\"elementor-widget-wrap\">\n\t\t\t\t\t\t\t<\/div>\n\t\t<\/div>\n\t\t\t\t\t<\/div>\n\t\t<\/section>\n\t\t\t\t<section class=\"elementor-section elementor-top-section elementor-element elementor-element-bdedbfb elementor-section-boxed elementor-section-height-default elementor-section-height-default\" data-id=\"bdedbfb\" data-element_type=\"section\" data-e-type=\"section\">\n\t\t\t\t\t\t<div class=\"elementor-container elementor-column-gap-default\">\n\t\t\t\t\t<div class=\"elementor-column elementor-col-100 elementor-top-column elementor-element elementor-element-35cd3f3\" data-id=\"35cd3f3\" data-element_type=\"column\" data-e-type=\"column\">\n\t\t\t<div class=\"elementor-widget-wrap elementor-element-populated\">\n\t\t\t\t\t\t<div class=\"elementor-element elementor-element-0a914b9 elementor-widget elementor-widget-heading\" data-id=\"0a914b9\" data-element_type=\"widget\" data-e-type=\"widget\" data-widget_type=\"heading.default\">\n\t\t\t\t<div class=\"elementor-widget-container\">\n\t\t\t\t\t<h2 class=\"elementor-heading-title elementor-size-default\">Un Jurado constituido por representantes del mundo de la franquicia, de la abogac\u00eda y de los sectores financiero y period\u00edstico otorg\u00f3 los IV Premios Franquicias de Catalu\u00f1a 2022, repartidos en 10 categor\u00edas, a las siguientes empresas y personas:<\/h2>\t\t\t\t<\/div>\n\t\t\t\t<\/div>\n\t\t\t\t<div class=\"elementor-element elementor-element-760531a elementor-widget elementor-widget-text-editor\" data-id=\"760531a\" data-element_type=\"widget\" data-e-type=\"widget\" data-widget_type=\"text-editor.default\">\n\t\t\t\t<div class=\"elementor-widget-container\">\n\t\t\t\t\t\t\t\t\t<ol>\n<li>En la franquicia catalana con mejor proyecci\u00f3n en el mercado catal\u00e1n:<strong><strong><strong>GELATI DINO\n<p><\/strong><\/strong><\/strong><\/li>\n<li>En la franquicia catalana con mejor proyecci\u00f3n en el mercado espa\u00f1ol:<strong><strong><strong><strong>SABWAY\n<p><\/strong><\/strong><\/strong><\/strong><\/li>\n<li>En la franquicia catalana con mejor proyecci\u00f3n internacional:<strong><strong><strong><strong>EQUIVALENZA\n<p><\/strong><\/strong><\/strong><\/strong><\/li>\n<li>En la franquicia no catalana con mejor proyecci\u00f3n en el mercado catal\u00e1n:<strong><strong><strong><strong>KUMON\n<p><\/strong><\/strong><\/strong><\/strong><\/li>\n<li>En la franquicia catalana con mejor pol\u00edtica de RSC y sostenibilidad:<strong><strong><strong><strong>GRUPO MOURE\n<p><\/strong><\/strong><\/strong><\/strong><\/li>\n<li>En la franquicia radicada en Catalu\u00f1a con mejor equipo de expansi\u00f3n y\/o marketing franquiciador: <strong><strong><strong><strong>UDON\n<p><\/strong><\/strong><\/strong><\/strong><\/li>\n<li>Al mejor CEO de una franquicia radicada en Catalu\u00f1a: <strong>VALTER ROSSO<\/strong> de Gelati Dino\n<\/li>\n<li>Al millor franquiciat\/a d&#8217;una xarxa catalana: <strong>JOEL ESTELLER, V\u00cdCTOR FLORES i ADRI\u00c0 DELGADO<\/strong>, empresarios de POLO NAILS TOP 20, SL franquiciats de HELLO NAILS.\n<\/li>\n<li>Al mejor franquiciado\/a en Catalu\u00f1a de una red no catalana:<strong>ANNA GASCONS TARR\u00c9S<\/strong>, empresaria franquiciada de LA BOTICA DE LOS PERFUMES.\n<\/li>\n<li>En la franquicia con los mejores m\u00e9todos para el perfeccionamiento de las relaciones franquiciador &#8211; franquiciados: <strong>CARREFOUR EXPRESS<\/strong><\/li>\n<\/ol>\n\t\t\t\t\t\t\t\t<\/div>\n\t\t\t\t<\/div>\n\t\t\t\t\t<\/div>\n\t\t<\/div>\n\t\t\t\t\t<\/div>\n\t\t<\/section>\n\t\t\t\t<\/div>\n\t\t","protected":false},"excerpt":{"rendered":"<p>Ganadores de los premios Franquicias de Catalu\u00f1a 2022 Un Jurado constituido por representantes del mundo de la franquicia, de la abogac\u00eda y de los sectores financiero y period\u00edstico otorg\u00f3 los IV Premios Franquicias de Catalu\u00f1a 2022, repartidos en 10 categor\u00edas, a las siguientes empresas y personas: En la franquicia catalana con mejor proyecci\u00f3n en el [&hellip;]<\/p>\n","protected":false},"author":1,"featured_media":0,"parent":0,"menu_order":0,"comment_status":"closed","ping_status":"closed","template":"","meta":{"footnotes":""},"class_list":["post-3050","page","type-page","status-publish","hentry"],"yoast_head":"<!-- This site is optimized with the Yoast SEO plugin v26.9 - https:\/\/yoast.com\/product\/yoast-seo-wordpress\/ -->\n<title>GANADORES DE LOS PREMIOS FRANQUICIAS DE CATALU\u00d1A 2022 - Asociaci\u00f3n de Franqu\u00edcias de Catalunya<\/title>\n<meta name=\"robots\" content=\"index, follow, max-snippet:-1, max-image-preview:large, max-video-preview:-1\" \/>\n<link rel=\"canonical\" href=\"https:\/\/www.franquiciescat.org\/es\/ganadores-de-los-premios-franquicias-de-cataluna-2022\/\" \/>\n<meta property=\"og:locale\" content=\"es_ES\" \/>\n<meta property=\"og:type\" content=\"article\" \/>\n<meta property=\"og:title\" content=\"GANADORES DE LOS PREMIOS FRANQUICIAS DE CATALU\u00d1A 2022 - Asociaci\u00f3n de Franqu\u00edcias de Catalunya\" \/>\n<meta property=\"og:description\" content=\"Ganadores de los premios Franquicias de Catalu\u00f1a 2022 Un Jurado constituido por representantes del mundo de la franquicia, de la abogac\u00eda y de los sectores financiero y period\u00edstico otorg\u00f3 los IV Premios Franquicias de Catalu\u00f1a 2022, repartidos en 10 categor\u00edas, a las siguientes empresas y personas: En la franquicia catalana con mejor proyecci\u00f3n en el [&hellip;]\" \/>\n<meta property=\"og:url\" content=\"https:\/\/www.franquiciescat.org\/es\/ganadores-de-los-premios-franquicias-de-cataluna-2022\/\" \/>\n<meta property=\"og:site_name\" content=\"Asociaci\u00f3n de Franqu\u00edcias de Catalunya\" \/>\n<meta property=\"article:modified_time\" content=\"2023-07-03T08:49:04+00:00\" \/>\n<meta name=\"twitter:card\" content=\"summary_large_image\" \/>\n<meta name=\"twitter:label1\" content=\"Tiempo de lectura\" \/>\n\t<meta name=\"twitter:data1\" content=\"1 minuto\" \/>\n<script type=\"application\/ld+json\" class=\"yoast-schema-graph\">{\"@context\":\"https:\/\/schema.org\",\"@graph\":[{\"@type\":\"WebPage\",\"@id\":\"https:\/\/www.franquiciescat.org\/es\/ganadores-de-los-premios-franquicias-de-cataluna-2022\/\",\"url\":\"https:\/\/www.franquiciescat.org\/es\/ganadores-de-los-premios-franquicias-de-cataluna-2022\/\",\"name\":\"GANADORES DE LOS PREMIOS FRANQUICIAS DE CATALU\u00d1A 2022 - Asociaci\u00f3n de Franqu\u00edcias de Catalunya\",\"isPartOf\":{\"@id\":\"https:\/\/www.franquiciescat.org\/#website\"},\"datePublished\":\"2023-06-22T10:49:12+00:00\",\"dateModified\":\"2023-07-03T08:49:04+00:00\",\"breadcrumb\":{\"@id\":\"https:\/\/www.franquiciescat.org\/es\/ganadores-de-los-premios-franquicias-de-cataluna-2022\/#breadcrumb\"},\"inLanguage\":\"es\",\"potentialAction\":[{\"@type\":\"ReadAction\",\"target\":[\"https:\/\/www.franquiciescat.org\/es\/ganadores-de-los-premios-franquicias-de-cataluna-2022\/\"]}]},{\"@type\":\"BreadcrumbList\",\"@id\":\"https:\/\/www.franquiciescat.org\/es\/ganadores-de-los-premios-franquicias-de-cataluna-2022\/#breadcrumb\",\"itemListElement\":[{\"@type\":\"ListItem\",\"position\":1,\"name\":\"Inici\",\"item\":\"https:\/\/www.franquiciescat.org\/\"},{\"@type\":\"ListItem\",\"position\":2,\"name\":\"GANADORES DE LOS PREMIOS FRANQUICIAS DE CATALU\u00d1A 2022\"}]},{\"@type\":\"WebSite\",\"@id\":\"https:\/\/www.franquiciescat.org\/#website\",\"url\":\"https:\/\/www.franquiciescat.org\/\",\"name\":\"Associaci\u00f3 de Franqu\u00edcies de Catalunya\",\"description\":\"Asociaci\u00f3n de Franqu\u00edcias de Catalunya\",\"publisher\":{\"@id\":\"https:\/\/www.franquiciescat.org\/#organization\"},\"potentialAction\":[{\"@type\":\"SearchAction\",\"target\":{\"@type\":\"EntryPoint\",\"urlTemplate\":\"https:\/\/www.franquiciescat.org\/?s={search_term_string}\"},\"query-input\":{\"@type\":\"PropertyValueSpecification\",\"valueRequired\":true,\"valueName\":\"search_term_string\"}}],\"inLanguage\":\"es\"},{\"@type\":\"Organization\",\"@id\":\"https:\/\/www.franquiciescat.org\/#organization\",\"name\":\"Associaci\u00f3 de Franqu\u00edcies de Catalunya\",\"url\":\"https:\/\/www.franquiciescat.org\/\",\"logo\":{\"@type\":\"ImageObject\",\"inLanguage\":\"es\",\"@id\":\"https:\/\/www.franquiciescat.org\/#\/schema\/logo\/image\/\",\"url\":\"https:\/\/www.franquiciescat.org\/wp-content\/uploads\/2023\/05\/logo-afc.png\",\"contentUrl\":\"https:\/\/www.franquiciescat.org\/wp-content\/uploads\/2023\/05\/logo-afc.png\",\"width\":640,\"height\":171,\"caption\":\"Associaci\u00f3 de Franqu\u00edcies de Catalunya\"},\"image\":{\"@id\":\"https:\/\/www.franquiciescat.org\/#\/schema\/logo\/image\/\"}}]}<\/script>\n<!-- \/ Yoast SEO plugin. -->","yoast_head_json":{"title":"GANADORES DE LOS PREMIOS FRANQUICIAS DE CATALU\u00d1A 2022 - Asociaci\u00f3n de Franqu\u00edcias de Catalunya","robots":{"index":"index","follow":"follow","max-snippet":"max-snippet:-1","max-image-preview":"max-image-preview:large","max-video-preview":"max-video-preview:-1"},"canonical":"https:\/\/www.franquiciescat.org\/es\/ganadores-de-los-premios-franquicias-de-cataluna-2022\/","og_locale":"es_ES","og_type":"article","og_title":"GANADORES DE LOS PREMIOS FRANQUICIAS DE CATALU\u00d1A 2022 - Asociaci\u00f3n de Franqu\u00edcias de Catalunya","og_description":"Ganadores de los premios Franquicias de Catalu\u00f1a 2022 Un Jurado constituido por representantes del mundo de la franquicia, de la abogac\u00eda y de los sectores financiero y period\u00edstico otorg\u00f3 los IV Premios Franquicias de Catalu\u00f1a 2022, repartidos en 10 categor\u00edas, a las siguientes empresas y personas: En la franquicia catalana con mejor proyecci\u00f3n en el [&hellip;]","og_url":"https:\/\/www.franquiciescat.org\/es\/ganadores-de-los-premios-franquicias-de-cataluna-2022\/","og_site_name":"Asociaci\u00f3n de Franqu\u00edcias de Catalunya","article_modified_time":"2023-07-03T08:49:04+00:00","twitter_card":"summary_large_image","twitter_misc":{"Tiempo de lectura":"1 minuto"},"schema":{"@context":"https:\/\/schema.org","@graph":[{"@type":"WebPage","@id":"https:\/\/www.franquiciescat.org\/es\/ganadores-de-los-premios-franquicias-de-cataluna-2022\/","url":"https:\/\/www.franquiciescat.org\/es\/ganadores-de-los-premios-franquicias-de-cataluna-2022\/","name":"GANADORES DE LOS PREMIOS FRANQUICIAS DE CATALU\u00d1A 2022 - Asociaci\u00f3n de Franqu\u00edcias de Catalunya","isPartOf":{"@id":"https:\/\/www.franquiciescat.org\/#website"},"datePublished":"2023-06-22T10:49:12+00:00","dateModified":"2023-07-03T08:49:04+00:00","breadcrumb":{"@id":"https:\/\/www.franquiciescat.org\/es\/ganadores-de-los-premios-franquicias-de-cataluna-2022\/#breadcrumb"},"inLanguage":"es","potentialAction":[{"@type":"ReadAction","target":["https:\/\/www.franquiciescat.org\/es\/ganadores-de-los-premios-franquicias-de-cataluna-2022\/"]}]},{"@type":"BreadcrumbList","@id":"https:\/\/www.franquiciescat.org\/es\/ganadores-de-los-premios-franquicias-de-cataluna-2022\/#breadcrumb","itemListElement":[{"@type":"ListItem","position":1,"name":"Inici","item":"https:\/\/www.franquiciescat.org\/"},{"@type":"ListItem","position":2,"name":"GANADORES DE LOS PREMIOS FRANQUICIAS DE CATALU\u00d1A 2022"}]},{"@type":"WebSite","@id":"https:\/\/www.franquiciescat.org\/#website","url":"https:\/\/www.franquiciescat.org\/","name":"Associaci\u00f3 de Franqu\u00edcies de Catalunya","description":"Asociaci\u00f3n de Franqu\u00edcias de Catalunya","publisher":{"@id":"https:\/\/www.franquiciescat.org\/#organization"},"potentialAction":[{"@type":"SearchAction","target":{"@type":"EntryPoint","urlTemplate":"https:\/\/www.franquiciescat.org\/?s={search_term_string}"},"query-input":{"@type":"PropertyValueSpecification","valueRequired":true,"valueName":"search_term_string"}}],"inLanguage":"es"},{"@type":"Organization","@id":"https:\/\/www.franquiciescat.org\/#organization","name":"Associaci\u00f3 de Franqu\u00edcies de Catalunya","url":"https:\/\/www.franquiciescat.org\/","logo":{"@type":"ImageObject","inLanguage":"es","@id":"https:\/\/www.franquiciescat.org\/#\/schema\/logo\/image\/","url":"https:\/\/www.franquiciescat.org\/wp-content\/uploads\/2023\/05\/logo-afc.png","contentUrl":"https:\/\/www.franquiciescat.org\/wp-content\/uploads\/2023\/05\/logo-afc.png","width":640,"height":171,"caption":"Associaci\u00f3 de Franqu\u00edcies de Catalunya"},"image":{"@id":"https:\/\/www.franquiciescat.org\/#\/schema\/logo\/image\/"}}]}},"_links":{"self":[{"href":"https:\/\/www.franquiciescat.org\/es\/wp-json\/wp\/v2\/pages\/3050","targetHints":{"allow":["GET"]}}],"collection":[{"href":"https:\/\/www.franquiciescat.org\/es\/wp-json\/wp\/v2\/pages"}],"about":[{"href":"https:\/\/www.franquiciescat.org\/es\/wp-json\/wp\/v2\/types\/page"}],"author":[{"embeddable":true,"href":"https:\/\/www.franquiciescat.org\/es\/wp-json\/wp\/v2\/users\/1"}],"replies":[{"embeddable":true,"href":"https:\/\/www.franquiciescat.org\/es\/wp-json\/wp\/v2\/comments?post=3050"}],"version-history":[{"count":1,"href":"https:\/\/www.franquiciescat.org\/es\/wp-json\/wp\/v2\/pages\/3050\/revisions"}],"predecessor-version":[{"id":3051,"href":"https:\/\/www.franquiciescat.org\/es\/wp-json\/wp\/v2\/pages\/3050\/revisions\/3051"}],"wp:attachment":[{"href":"https:\/\/www.franquiciescat.org\/es\/wp-json\/wp\/v2\/media?parent=3050"}],"curies":[{"name":"wp","href":"https:\/\/api.w.org\/{rel}","templated":true}]}}