{"id":3580,"date":"2023-09-21T09:29:31","date_gmt":"2023-09-21T09:29:31","guid":{"rendered":"https:\/\/www.franquiciescat.org\/?page_id=3580"},"modified":"2024-01-31T15:26:55","modified_gmt":"2024-01-31T15:26:55","slug":"v-premios-franquicias-de-cataluna-2023","status":"publish","type":"page","link":"https:\/\/www.franquiciescat.org\/es\/v-premios-franquicias-de-cataluna-2023\/","title":{"rendered":"V PREMIOS FRANQUICIAS DE CATALU\u00d1A 2023"},"content":{"rendered":"<h3><\/h3>\n<h3><\/h3>\n<h3><img fetchpriority=\"high\" decoding=\"async\" class=\"alignnone size-full wp-image-3919\" src=\"https:\/\/www.franquiciescat.org\/wp-content\/uploads\/2024\/01\/homeafc-scaled.jpg\" alt=\"\" width=\"2560\" height=\"1707\" srcset=\"https:\/\/www.franquiciescat.org\/wp-content\/uploads\/2024\/01\/homeafc-scaled.jpg 2560w, https:\/\/www.franquiciescat.org\/wp-content\/uploads\/2024\/01\/homeafc-300x200.jpg 300w, https:\/\/www.franquiciescat.org\/wp-content\/uploads\/2024\/01\/homeafc-1024x683.jpg 1024w, https:\/\/www.franquiciescat.org\/wp-content\/uploads\/2024\/01\/homeafc-768x512.jpg 768w, https:\/\/www.franquiciescat.org\/wp-content\/uploads\/2024\/01\/homeafc-1536x1024.jpg 1536w, https:\/\/www.franquiciescat.org\/wp-content\/uploads\/2024\/01\/homeafc-2048x1365.jpg 2048w\" sizes=\"(max-width: 2560px) 100vw, 2560px\" \/><\/h3>\n<p>&nbsp;<\/p>\n<p style=\"text-align: center;\">\u00a0\u00a0\u00a0 con el patrocinio de:<\/p>\n<p><img decoding=\"async\" class=\" wp-image-3498 aligncenter\" src=\"https:\/\/www.franquiciescat.org\/wp-content\/uploads\/2023\/09\/Imagen-1-2.png\" alt=\"\" width=\"187\" height=\"48\" srcset=\"https:\/\/www.franquiciescat.org\/wp-content\/uploads\/2023\/09\/Imagen-1-2.png 308w, https:\/\/www.franquiciescat.org\/wp-content\/uploads\/2023\/09\/Imagen-1-2-300x77.png 300w\" sizes=\"(max-width: 187px) 100vw, 187px\" \/><\/p>\n<p>&nbsp;<\/p>\n<h2 style=\"text-align: center;\"><u><span lang=\"CA\">CANDIDATURAS GANADORAS<\/span><\/u><\/h2>\n<p>&nbsp;<\/p>\n<p>Premio al CEO\/DG m\u00e1s destacado de una franquicia radicada en Catalu\u00f1a:<\/p>\n<p><strong>GORKA URANGA<\/strong>, DG Espa\u00f1a\/Portugal de MAIL BOXES ETC.<\/p>\n<p>Premio a la franquicia catalana con mejor proyecci\u00f3n internacional:<\/p>\n<p><strong>KIDS &amp; US<\/strong><\/p>\n<p>Premio a la franquicia catalana con mejor equipo de expansi\u00f3n y\/o marketing:<\/p>\n<p><strong>MUY MUCHO<\/strong><\/p>\n<p>Premio a la franquicia catalana con mejor pol\u00edtica de RSC y\/o protecci\u00f3n del medio ambiente:<\/p>\n<p><strong>UDON<\/strong><\/p>\n<p>Premio a la franquicia no catalana con mejor proyecci\u00f3n en Catalu\u00f1a:<\/p>\n<p><strong>INTERDOMICILIO<\/strong><\/p>\n<p>Premio a la franquicia catalana con mejor proyecci\u00f3n en Espa\u00f1a:<\/p>\n<p><strong>HOY VOY<\/strong><\/p>\n<p>Premio a la franquicia catalana con mejor proyecci\u00f3n en Catalu\u00f1a:<\/p>\n<p><strong>VINALIUM<\/strong><\/p>\n<p>Premio al mejor franquiciado de una franquicia radicada en Catalu\u00f1a:<\/p>\n<p><strong>MBE AIRPORT GROUP<\/strong>, franquiciado de MBE en El Prat de Llobregat, Rub\u00ed y Alcobendas.<\/p>\n<p>Premio al mejor franquiciado de una franquicia no catalana:<\/p>\n<p><strong>CENTURY21 URBAN<\/strong>, franquiciado de Century21 en Parets del Vall\u00e8s.<\/p>\n<p>Premio RSBiz a la mejor aportaci\u00f3n para la gesti\u00f3n de la relaci\u00f3n franquiciador-franquiciado:<\/p>\n<p><strong>SANTAGLORIA<\/strong><\/p>\n<p>Premio al servicio homologado por la AFC con mejor dedicaci\u00f3n a las franquicias:<\/p>\n<p><strong>SDS by SIDASA<\/strong><\/p>\n<p>&nbsp;<\/p>\n","protected":false},"excerpt":{"rendered":"<p>&nbsp; \u00a0\u00a0\u00a0 con el patrocinio de: &nbsp; CANDIDATURAS GANADORAS &nbsp; Premio al CEO\/DG m\u00e1s destacado de una franquicia radicada en Catalu\u00f1a: GORKA URANGA, DG Espa\u00f1a\/Portugal de MAIL BOXES ETC. Premio a la franquicia catalana con mejor proyecci\u00f3n internacional: KIDS &amp; US Premio a la franquicia catalana con mejor equipo de expansi\u00f3n y\/o marketing: MUY MUCHO [&hellip;]<\/p>\n","protected":false},"author":1,"featured_media":3919,"parent":0,"menu_order":0,"comment_status":"closed","ping_status":"closed","template":"","meta":{"footnotes":""},"class_list":["post-3580","page","type-page","status-publish","has-post-thumbnail","hentry"],"yoast_head":"<!-- This site is optimized with the Yoast SEO plugin v26.9 - https:\/\/yoast.com\/product\/yoast-seo-wordpress\/ -->\n<title>V PREMIOS FRANQUICIAS DE CATALU\u00d1A 2023 - Asociaci\u00f3n de Franqu\u00edcias de Catalunya<\/title>\n<meta name=\"robots\" content=\"index, follow, max-snippet:-1, max-image-preview:large, max-video-preview:-1\" \/>\n<link rel=\"canonical\" href=\"https:\/\/www.franquiciescat.org\/es\/v-premios-franquicias-de-cataluna-2023\/\" \/>\n<meta property=\"og:locale\" content=\"es_ES\" \/>\n<meta property=\"og:type\" content=\"article\" \/>\n<meta property=\"og:title\" content=\"V PREMIOS FRANQUICIAS DE CATALU\u00d1A 2023 - Asociaci\u00f3n de Franqu\u00edcias de Catalunya\" \/>\n<meta property=\"og:description\" content=\"&nbsp; \u00a0\u00a0\u00a0 con el patrocinio de: &nbsp; CANDIDATURAS GANADORAS &nbsp; Premio al CEO\/DG m\u00e1s destacado de una franquicia radicada en Catalu\u00f1a: GORKA URANGA, DG Espa\u00f1a\/Portugal de MAIL BOXES ETC. Premio a la franquicia catalana con mejor proyecci\u00f3n internacional: KIDS &amp; US Premio a la franquicia catalana con mejor equipo de expansi\u00f3n y\/o marketing: MUY MUCHO [&hellip;]\" \/>\n<meta property=\"og:url\" content=\"https:\/\/www.franquiciescat.org\/es\/v-premios-franquicias-de-cataluna-2023\/\" \/>\n<meta property=\"og:site_name\" content=\"Asociaci\u00f3n de Franqu\u00edcias de Catalunya\" \/>\n<meta property=\"article:modified_time\" content=\"2024-01-31T15:26:55+00:00\" \/>\n<meta property=\"og:image\" content=\"https:\/\/www.franquiciescat.org\/wp-content\/uploads\/2024\/01\/homeafc-scaled.jpg\" \/>\n\t<meta property=\"og:image:width\" content=\"2560\" \/>\n\t<meta property=\"og:image:height\" content=\"1707\" \/>\n\t<meta property=\"og:image:type\" content=\"image\/jpeg\" \/>\n<meta name=\"twitter:card\" content=\"summary_large_image\" \/>\n<meta name=\"twitter:label1\" content=\"Tiempo de lectura\" \/>\n\t<meta name=\"twitter:data1\" content=\"2 minutos\" \/>\n<script type=\"application\/ld+json\" class=\"yoast-schema-graph\">{\"@context\":\"https:\/\/schema.org\",\"@graph\":[{\"@type\":\"WebPage\",\"@id\":\"https:\/\/www.franquiciescat.org\/es\/v-premios-franquicias-de-cataluna-2023\/\",\"url\":\"https:\/\/www.franquiciescat.org\/es\/v-premios-franquicias-de-cataluna-2023\/\",\"name\":\"V PREMIOS FRANQUICIAS DE CATALU\u00d1A 2023 - Asociaci\u00f3n de Franqu\u00edcias de Catalunya\",\"isPartOf\":{\"@id\":\"https:\/\/www.franquiciescat.org\/#website\"},\"primaryImageOfPage\":{\"@id\":\"https:\/\/www.franquiciescat.org\/es\/v-premios-franquicias-de-cataluna-2023\/#primaryimage\"},\"image\":{\"@id\":\"https:\/\/www.franquiciescat.org\/es\/v-premios-franquicias-de-cataluna-2023\/#primaryimage\"},\"thumbnailUrl\":\"https:\/\/www.franquiciescat.org\/wp-content\/uploads\/2024\/01\/homeafc-scaled.jpg\",\"datePublished\":\"2023-09-21T09:29:31+00:00\",\"dateModified\":\"2024-01-31T15:26:55+00:00\",\"breadcrumb\":{\"@id\":\"https:\/\/www.franquiciescat.org\/es\/v-premios-franquicias-de-cataluna-2023\/#breadcrumb\"},\"inLanguage\":\"es\",\"potentialAction\":[{\"@type\":\"ReadAction\",\"target\":[\"https:\/\/www.franquiciescat.org\/es\/v-premios-franquicias-de-cataluna-2023\/\"]}]},{\"@type\":\"ImageObject\",\"inLanguage\":\"es\",\"@id\":\"https:\/\/www.franquiciescat.org\/es\/v-premios-franquicias-de-cataluna-2023\/#primaryimage\",\"url\":\"https:\/\/www.franquiciescat.org\/wp-content\/uploads\/2024\/01\/homeafc-scaled.jpg\",\"contentUrl\":\"https:\/\/www.franquiciescat.org\/wp-content\/uploads\/2024\/01\/homeafc-scaled.jpg\",\"width\":2560,\"height\":1707},{\"@type\":\"BreadcrumbList\",\"@id\":\"https:\/\/www.franquiciescat.org\/es\/v-premios-franquicias-de-cataluna-2023\/#breadcrumb\",\"itemListElement\":[{\"@type\":\"ListItem\",\"position\":1,\"name\":\"Inici\",\"item\":\"https:\/\/www.franquiciescat.org\/\"},{\"@type\":\"ListItem\",\"position\":2,\"name\":\"V PREMIOS FRANQUICIAS DE CATALU\u00d1A 2023\"}]},{\"@type\":\"WebSite\",\"@id\":\"https:\/\/www.franquiciescat.org\/#website\",\"url\":\"https:\/\/www.franquiciescat.org\/\",\"name\":\"Associaci\u00f3 de Franqu\u00edcies de Catalunya\",\"description\":\"Asociaci\u00f3n de Franqu\u00edcias de Catalunya\",\"publisher\":{\"@id\":\"https:\/\/www.franquiciescat.org\/#organization\"},\"potentialAction\":[{\"@type\":\"SearchAction\",\"target\":{\"@type\":\"EntryPoint\",\"urlTemplate\":\"https:\/\/www.franquiciescat.org\/?s={search_term_string}\"},\"query-input\":{\"@type\":\"PropertyValueSpecification\",\"valueRequired\":true,\"valueName\":\"search_term_string\"}}],\"inLanguage\":\"es\"},{\"@type\":\"Organization\",\"@id\":\"https:\/\/www.franquiciescat.org\/#organization\",\"name\":\"Associaci\u00f3 de Franqu\u00edcies de Catalunya\",\"url\":\"https:\/\/www.franquiciescat.org\/\",\"logo\":{\"@type\":\"ImageObject\",\"inLanguage\":\"es\",\"@id\":\"https:\/\/www.franquiciescat.org\/#\/schema\/logo\/image\/\",\"url\":\"https:\/\/www.franquiciescat.org\/wp-content\/uploads\/2023\/05\/logo-afc.png\",\"contentUrl\":\"https:\/\/www.franquiciescat.org\/wp-content\/uploads\/2023\/05\/logo-afc.png\",\"width\":640,\"height\":171,\"caption\":\"Associaci\u00f3 de Franqu\u00edcies de Catalunya\"},\"image\":{\"@id\":\"https:\/\/www.franquiciescat.org\/#\/schema\/logo\/image\/\"}}]}<\/script>\n<!-- \/ Yoast SEO plugin. -->","yoast_head_json":{"title":"V PREMIOS FRANQUICIAS DE CATALU\u00d1A 2023 - Asociaci\u00f3n de Franqu\u00edcias de Catalunya","robots":{"index":"index","follow":"follow","max-snippet":"max-snippet:-1","max-image-preview":"max-image-preview:large","max-video-preview":"max-video-preview:-1"},"canonical":"https:\/\/www.franquiciescat.org\/es\/v-premios-franquicias-de-cataluna-2023\/","og_locale":"es_ES","og_type":"article","og_title":"V PREMIOS FRANQUICIAS DE CATALU\u00d1A 2023 - Asociaci\u00f3n de Franqu\u00edcias de Catalunya","og_description":"&nbsp; \u00a0\u00a0\u00a0 con el patrocinio de: &nbsp; CANDIDATURAS GANADORAS &nbsp; Premio al CEO\/DG m\u00e1s destacado de una franquicia radicada en Catalu\u00f1a: GORKA URANGA, DG Espa\u00f1a\/Portugal de MAIL BOXES ETC. Premio a la franquicia catalana con mejor proyecci\u00f3n internacional: KIDS &amp; US Premio a la franquicia catalana con mejor equipo de expansi\u00f3n y\/o marketing: MUY MUCHO [&hellip;]","og_url":"https:\/\/www.franquiciescat.org\/es\/v-premios-franquicias-de-cataluna-2023\/","og_site_name":"Asociaci\u00f3n de Franqu\u00edcias de Catalunya","article_modified_time":"2024-01-31T15:26:55+00:00","og_image":[{"width":2560,"height":1707,"url":"https:\/\/www.franquiciescat.org\/wp-content\/uploads\/2024\/01\/homeafc-scaled.jpg","type":"image\/jpeg"}],"twitter_card":"summary_large_image","twitter_misc":{"Tiempo de lectura":"2 minutos"},"schema":{"@context":"https:\/\/schema.org","@graph":[{"@type":"WebPage","@id":"https:\/\/www.franquiciescat.org\/es\/v-premios-franquicias-de-cataluna-2023\/","url":"https:\/\/www.franquiciescat.org\/es\/v-premios-franquicias-de-cataluna-2023\/","name":"V PREMIOS FRANQUICIAS DE CATALU\u00d1A 2023 - Asociaci\u00f3n de Franqu\u00edcias de Catalunya","isPartOf":{"@id":"https:\/\/www.franquiciescat.org\/#website"},"primaryImageOfPage":{"@id":"https:\/\/www.franquiciescat.org\/es\/v-premios-franquicias-de-cataluna-2023\/#primaryimage"},"image":{"@id":"https:\/\/www.franquiciescat.org\/es\/v-premios-franquicias-de-cataluna-2023\/#primaryimage"},"thumbnailUrl":"https:\/\/www.franquiciescat.org\/wp-content\/uploads\/2024\/01\/homeafc-scaled.jpg","datePublished":"2023-09-21T09:29:31+00:00","dateModified":"2024-01-31T15:26:55+00:00","breadcrumb":{"@id":"https:\/\/www.franquiciescat.org\/es\/v-premios-franquicias-de-cataluna-2023\/#breadcrumb"},"inLanguage":"es","potentialAction":[{"@type":"ReadAction","target":["https:\/\/www.franquiciescat.org\/es\/v-premios-franquicias-de-cataluna-2023\/"]}]},{"@type":"ImageObject","inLanguage":"es","@id":"https:\/\/www.franquiciescat.org\/es\/v-premios-franquicias-de-cataluna-2023\/#primaryimage","url":"https:\/\/www.franquiciescat.org\/wp-content\/uploads\/2024\/01\/homeafc-scaled.jpg","contentUrl":"https:\/\/www.franquiciescat.org\/wp-content\/uploads\/2024\/01\/homeafc-scaled.jpg","width":2560,"height":1707},{"@type":"BreadcrumbList","@id":"https:\/\/www.franquiciescat.org\/es\/v-premios-franquicias-de-cataluna-2023\/#breadcrumb","itemListElement":[{"@type":"ListItem","position":1,"name":"Inici","item":"https:\/\/www.franquiciescat.org\/"},{"@type":"ListItem","position":2,"name":"V PREMIOS FRANQUICIAS DE CATALU\u00d1A 2023"}]},{"@type":"WebSite","@id":"https:\/\/www.franquiciescat.org\/#website","url":"https:\/\/www.franquiciescat.org\/","name":"Associaci\u00f3 de Franqu\u00edcies de Catalunya","description":"Asociaci\u00f3n de Franqu\u00edcias de Catalunya","publisher":{"@id":"https:\/\/www.franquiciescat.org\/#organization"},"potentialAction":[{"@type":"SearchAction","target":{"@type":"EntryPoint","urlTemplate":"https:\/\/www.franquiciescat.org\/?s={search_term_string}"},"query-input":{"@type":"PropertyValueSpecification","valueRequired":true,"valueName":"search_term_string"}}],"inLanguage":"es"},{"@type":"Organization","@id":"https:\/\/www.franquiciescat.org\/#organization","name":"Associaci\u00f3 de Franqu\u00edcies de Catalunya","url":"https:\/\/www.franquiciescat.org\/","logo":{"@type":"ImageObject","inLanguage":"es","@id":"https:\/\/www.franquiciescat.org\/#\/schema\/logo\/image\/","url":"https:\/\/www.franquiciescat.org\/wp-content\/uploads\/2023\/05\/logo-afc.png","contentUrl":"https:\/\/www.franquiciescat.org\/wp-content\/uploads\/2023\/05\/logo-afc.png","width":640,"height":171,"caption":"Associaci\u00f3 de Franqu\u00edcies de Catalunya"},"image":{"@id":"https:\/\/www.franquiciescat.org\/#\/schema\/logo\/image\/"}}]}},"_links":{"self":[{"href":"https:\/\/www.franquiciescat.org\/es\/wp-json\/wp\/v2\/pages\/3580","targetHints":{"allow":["GET"]}}],"collection":[{"href":"https:\/\/www.franquiciescat.org\/es\/wp-json\/wp\/v2\/pages"}],"about":[{"href":"https:\/\/www.franquiciescat.org\/es\/wp-json\/wp\/v2\/types\/page"}],"author":[{"embeddable":true,"href":"https:\/\/www.franquiciescat.org\/es\/wp-json\/wp\/v2\/users\/1"}],"replies":[{"embeddable":true,"href":"https:\/\/www.franquiciescat.org\/es\/wp-json\/wp\/v2\/comments?post=3580"}],"version-history":[{"count":4,"href":"https:\/\/www.franquiciescat.org\/es\/wp-json\/wp\/v2\/pages\/3580\/revisions"}],"predecessor-version":[{"id":3934,"href":"https:\/\/www.franquiciescat.org\/es\/wp-json\/wp\/v2\/pages\/3580\/revisions\/3934"}],"wp:featuredmedia":[{"embeddable":true,"href":"https:\/\/www.franquiciescat.org\/es\/wp-json\/wp\/v2\/media\/3919"}],"wp:attachment":[{"href":"https:\/\/www.franquiciescat.org\/es\/wp-json\/wp\/v2\/media?parent=3580"}],"curies":[{"name":"wp","href":"https:\/\/api.w.org\/{rel}","templated":true}]}}